{"id":2127,"date":"2026-01-21T18:00:11","date_gmt":"2026-01-21T16:00:11","guid":{"rendered":"https:\/\/redport.ro\/?page_id=2127"},"modified":"2026-02-13T13:12:33","modified_gmt":"2026-02-13T11:12:33","slug":"politica-cookie","status":"publish","type":"page","link":"https:\/\/redport.ro\/ro\/politica-cookie\/","title":{"rendered":"Politica de cookies"},"content":{"rendered":"\n<p>Aceasta este Politica Cookie pentru REDPORT Group, accesibil\u0103 la <a href=\"https:\/\/redport.ro\">www.redport.ro<\/a>.<\/p>\n\n\n\n<ol class=\"wp-block-list\">\n<li><strong>Ce sunt cookie-urile?<\/strong><\/li>\n<\/ol>\n\n\n\n<p>A\u0219a cum este o practic\u0103 obi\u0219nuit\u0103 pentru aproape toate site-urile profesionale, a\u0219a \u0219i acest site utilizeaz\u0103 module cookie, care sunt fi\u0219iere mici desc\u0103rcate pe computer, pentru a v\u0103 \u00eembun\u0103t\u0103\u021bi experien\u021ba. Aceast\u0103 pagin\u0103 descrie informa\u021biile pe care le colecteaz\u0103, modul \u00een care le folosim \u0219i de ce uneori trebuie s\u0103 stoc\u0103m aceste cookie-uri. Vom \u00eemp\u0103rt\u0103\u0219i, de asemenea, modul \u00een care pute\u021bi \u00eempiedica stocarea acestor cookie-uri, \u00eens\u0103 aceastea pot retrograda sau &#8222;sparge&#8221; anumite elemente ale func\u021bionalit\u0103\u021bii site-urilor.<\/p>\n\n\n\n<ol start=\"2\" class=\"wp-block-list\">\n<li><strong>Cum folosim cookie-urile?<\/strong><\/li>\n<\/ol>\n\n\n\n<p>Utiliz\u0103m cookie-urile pentru mai multe motive detaliate mai jos. Din p\u0103cate, \u00een majoritatea cazurilor, nu exist\u0103 op\u021biuni standard pentru dezactivarea cookie-urilor f\u0103r\u0103 a dezactiva complet func\u021bionalit\u0103\u021bile \u0219i func\u021biile pe care le adaug\u0103 pe acest site. Este recomandat s\u0103 l\u0103sa\u021bi toate cookie-urile, chiar dac\u0103 nu sunte\u021bi sigur dac\u0103 ave\u021bi nevoie de ele sau nu, \u00een cazul \u00een care acestea sunt utilizate pentru a furniza un serviciu pe care \u00eel utiliza\u021bi.<\/p>\n\n\n\n<ol start=\"3\" class=\"wp-block-list\">\n<li><strong>Dezactivarea modulelor cookie<\/strong><\/li>\n<\/ol>\n\n\n\n<p>Pute\u021bi preveni setarea cookie-urilor prin ajustarea set\u0103rilor din browserul dvs. (consulta\u021bi asisten\u021ba browserului dvs. pentru a face acest lucru). Re\u021bine\u021bi c\u0103 dezactivarea cookie-urilor va afecta func\u021bionalitatea acestui site \u0219i multe alte site-uri pe care le vizita\u021bi. Dezactivarea cookie-urilor va duce, de obicei, la dezactivarea anumitor func\u021bionalit\u0103\u021bi \u0219i func\u021bii ale acestui site. Prin urmare, este recomandat s\u0103 nu dezactiva\u021bi modulele cookie.<\/p>\n\n\n\n<ol start=\"4\" class=\"wp-block-list\">\n<li><strong>Ce cookie-uri folosim si de ce?<\/strong><\/li>\n<\/ol>\n\n\n\n<p><em>Cookie-uri de email newsletter<\/em><\/p>\n\n\n\n<p>Acest site ofer\u0103 servicii de abonare la newsletter, iar modulele cookie pot fi folosite pentru a v\u0103 reaminti dac\u0103 sunte\u021bi deja \u00eenregistrat \u0219i dac\u0103 dori\u021bi s\u0103 afi\u0219a\u021bi anumite notific\u0103ri care ar putea fi valide doar pentru utilizatorii abona\u021bi \/ abona\u021bi.<\/p>\n\n\n\n<p><em>Cookie-uri legate de formulare de contact<\/em><\/p>\n\n\n\n<p>C\u00e2nd trimite\u021bi date c\u0103tre un formular, cum ar fi cele g\u0103site \u00een paginile de contact sau formularele&nbsp;&nbsp;&nbsp;&nbsp;&nbsp;&nbsp;&nbsp; de comentarii, modulele cookie pot fi setate pentru a v\u0103 aminti detaliile utilizatorului pentru coresponden\u021ba viitoare.<\/p>\n\n\n\n<p><em>Cookie-urile pentru set\u0103rile preferin\u021belor site-ului<\/em><\/p>\n\n\n\n<p>Pentru a v\u0103 oferi o experien\u021b\u0103 extraordinar\u0103 pe acest site, v\u0103 oferim func\u021bia de setare a preferin\u021belor pentru modul \u00een care acest site ruleaz\u0103 atunci c\u00e2nd \u00eel utiliza\u021bi. Pentru a re\u021bine preferin\u021bele dvs., trebuie s\u0103 seta\u021bi cookie-urile astfel \u00eenc\u00e2t aceste informa\u021bii s\u0103 poat\u0103 fi numite ori de c\u00e2te ori interac\u021biona\u021bi cu o pagin\u0103 setat\u0103 \u00een func\u021bie de preferin\u021bele dvs.<\/p>\n\n\n\n<ol start=\"5\" class=\"wp-block-list\">\n<li><strong>Cookie-uri plasate de ter\u021bi<\/strong><\/li>\n<\/ol>\n\n\n\n<p>\u00cen unele cazuri speciale, folosim de asemenea cookie-uri furnizate de ter\u021be p\u0103r\u021bi de \u00eencredere. Urm\u0103toarea sec\u021biune detaliaz\u0103 care sunt cookie-urile ter\u021b\u0103 parte pe care le-a\u021bi putea \u00eent\u00e2lni prin acest site.<\/p>\n\n\n\n<ul class=\"wp-block-list\">\n<li>Acest site utilizeaz\u0103 Google Analytics, una dintre cele mai r\u0103sp\u00e2ndite \u0219i mai sigure solu\u021bii de analiz\u0103 de pe web, pentru a ne ajuta s\u0103 \u00een\u021belegem modul \u00een care utiliza\u021bi site-ul \u0219i modalit\u0103\u021bile prin care v\u0103 putem \u00eembun\u0103t\u0103\u021bi experien\u021ba. Aceste cookie-uri pot urm\u0103ri lucruri precum durata petrecut\u0103 pe site \u0219i paginile pe care le vizita\u021bi, astfel \u00eenc\u00e2t s\u0103 putem continua s\u0103 producem con\u021binut interesant.<\/li>\n\n\n\n<li>Analizele realizate de ter\u021bi sunt utilizate pentru a urm\u0103ri \u0219i a m\u0103sura utilizarea acestui site, astfel \u00eenc\u00e2t s\u0103 putem continua s\u0103 produc\u0103 con\u021binut interesant. Aceste cookie-uri pot urm\u0103ri lucruri precum durata petrecut\u0103 pe site-ul sau paginile pe care le vizita\u021bi, ceea ce ne ajut\u0103 s\u0103 \u00een\u021belegem cum putem \u00eembun\u0103t\u0103\u021bi site-ul pentru dvs.<\/li>\n\n\n\n<li>Din c\u00e2nd \u00een c\u00e2nd, test\u0103m noi caracteristici \u0219i facem modific\u0103ri subtile ale modului \u00een care site-ul este livrat. Atunci c\u00e2nd testa\u021bi func\u021bii noi, aceste cookie-uri pot fi utilizate pentru a v\u0103 asigura c\u0103 beneficia\u021bi de o experien\u021b\u0103 consistent\u0103 \u00een timp ce v\u0103 afla\u021bi pe site, asigur\u00e2ndu-v\u0103 \u00een acela\u0219i timp c\u0103 \u00een\u021belegem ce optimiz\u0103ri apreciaz\u0103 cel mai mult utilizatorii no\u0219tri.<\/li>\n\n\n\n<li>De asemenea, folosim pe acest site butoane \u0219i \/ sau pluginuri de social media care v\u0103 permit s\u0103 v\u0103 conecta\u021bi cu re\u021beaua social\u0103 \u00een diverse moduri. Pentru ca acestea s\u0103 func\u021bioneze, urm\u0103toarele site-uri de social media vor seta cookie-uri prin site-ul nostru, care pot fi utilizate pentru a \u00eembun\u0103t\u0103\u021bi profilul dvs. pe site-ul lor sau pentru a contribui la datele pe care le de\u021bin pentru diferite scopuri prezentate \u00een politica lor de confiden\u021bialitate.<\/li>\n<\/ul>\n\n\n\n<ol start=\"6\" class=\"wp-block-list\">\n<li><strong>Controlul cookie-urilor<\/strong><\/li>\n<\/ol>\n\n\n\n<p>Modul de utilizare a cookie-urilor se poate controla din Browser-ul pe care \u00eel folosi\u021bi.<\/p>\n\n\n\n<p>Verificarea existen\u021bei cookie-urilor pe PC:<\/p>\n\n\n\n<p><strong>Google Chrome<\/strong><\/p>\n\n\n\n<ul class=\"wp-block-list\">\n<li>Apas\u0103 butonul de meniu. Aceasta se poate g\u0103si \u00een partea dreapt\u0103 (sus) a ferestrei browser-ului.<\/li>\n\n\n\n<li>Selecteaz\u0103 sec\u021biunea \u201eSet\u0103ri\u201d<\/li>\n\n\n\n<li>Selecteaz\u0103 \u201eArat\u0103 set\u0103ri avansate\u201d.<\/li>\n\n\n\n<li>Acceseaz\u0103 sec\u021biunea \u201eProtec\u021bia datelor\u201d iar apoi selecteaza \u201eSet\u0103ri de con\u021binut\u201d. Aici, ve\u021bi reg\u0103si sec\u021biunea \u201ePermite\u021bi setarea datelor locale\u201d<\/li>\n<\/ul>\n\n\n\n<p>&nbsp;<strong>Mozilla Firefox<\/strong><\/p>\n\n\n\n<ul class=\"wp-block-list\">\n<li>Apas\u0103 butonul de meniu. Aceasta se poate g\u0103si \u00een partea dreapt\u0103 (sus) a ferestrei browser-ului.<\/li>\n\n\n\n<li>Selecteaz\u0103 sec\u021biunea \u201eOp\u021biuni\u201d<\/li>\n\n\n\n<li>Selecteaz\u0103 pictograma \u201eProtec\u021bia datelor\u201d.<\/li>\n\n\n\n<li>Selecteaz\u0103 op\u021biunea \u201cCookie-uri\u201d. Aici, ve\u021bi reg\u0103si sec\u021biunea \u201ePermite\u021bi site-urilor s\u0103 seteze cookie-uri\u201d<\/li>\n<\/ul>\n\n\n\n<p><strong>Microsoft Internet Explorer 11<\/strong><\/p>\n\n\n\n<ul class=\"wp-block-list\">\n<li>Apas\u0103 pictograma \u201eSet\u0103ri\u201d (simbolul roat\u0103 din\u021bat\u0103) &#8211; Aceasta se poate g\u0103si \u00een partea dreapt\u0103 (sus) a ferestrei<\/li>\n\n\n\n<li>Acceseaz\u0103 \u201eOp\u021biuni internet\u201d<\/li>\n\n\n\n<li>Click pe sec\u021biunea \u201eProtec\u021bia datelor\u201d<\/li>\n\n\n\n<li>Seta\u021bi nivelul de protec\u021bie a datelor pe \u201cMediu\u201d, sau mai mic.<\/li>\n<\/ul>\n\n\n\n<p>Astfel, cookie-urilor vor fi permise \u00een browser.<\/p>\n\n\n\n<p>Verificare status cookie-uri pentru dispozitivele cu sistem de operare IOS:<\/p>\n\n\n\n<p><strong>Safari<\/strong><\/p>\n\n\n\n<ul class=\"wp-block-list\">\n<li>Click pe \u201eSafari\u201d (dreapta sus)<\/li>\n\n\n\n<li>Selecteaz\u0103 op\u021biunea \u201ePreferin\u021be\u201d<\/li>\n\n\n\n<li>Acceseaz\u0103 \u201eProtec\u021bia datelor\u201d<\/li>\n\n\n\n<li>Selecteaz\u0103 \u201ePermite\u021bi de la site-urile web pe care le vizitez\u201d<\/li>\n<\/ul>\n\n\n\n<ol start=\"7\" class=\"wp-block-list\">\n<li><strong>Informa\u021bii suplimentare<\/strong><\/li>\n<\/ol>\n\n\n\n<p>Sper\u0103m c\u0103 v-am prezentat informa\u021biile necesare pentru dvs. \u0219i a\u0219a cum am men\u021bionat anterior, dac\u0103 exist\u0103 ceva de care nu sunte\u021bi sigur c\u0103 ave\u021bi nevoie sau nu, este recomandat s\u0103 l\u0103sa\u021bi cookie-urile activate \u00een cazul \u00een care nu interac\u021bioneaz\u0103 cu una dintre func\u021biile pe care le utiliza\u021bi pe site-ul nostru.<\/p>\n\n\n\n<p>Cu toate acestea, dac\u0103 dori\u021bi mai multe informa\u021bii, atunci ne pute\u021bi contacta prin una dintre metodele de contact preferate:<\/p>\n\n\n\n<ul class=\"wp-block-list\">\n<li>Email: <a href=\"mailto:office@redport.ro\">office@redport.ro<\/a><\/li>\n\n\n\n<li>Acces\u00e2nd linkul: <a href=\"https:\/\/redport.ro\">www.redport.ro<\/a><\/li>\n<\/ul>\n","protected":false},"excerpt":{"rendered":"<p>Aceasta este Politica Cookie pentru REDPORT Group, accesibil\u0103 la www.redport.ro. A\u0219a cum este o practic\u0103 obi\u0219nuit\u0103 pentru aproape toate site-urile profesionale, a\u0219a \u0219i acest site utilizeaz\u0103 module cookie, care sunt fi\u0219iere mici desc\u0103rcate pe computer, pentru a v\u0103 \u00eembun\u0103t\u0103\u021bi experien\u021ba. Aceast\u0103 pagin\u0103 descrie informa\u021biile pe care le colecteaz\u0103, modul \u00een care le folosim \u0219i de&hellip; <a class=\"more-link\" href=\"https:\/\/redport.ro\/ro\/politica-cookie\/\">Continu\u0103 lectura <span class=\"screen-reader-text\">Politica de cookies<\/span><\/a><\/p>\n","protected":false},"author":1,"featured_media":0,"parent":0,"menu_order":0,"comment_status":"closed","ping_status":"closed","template":"","meta":{"_acf_changed":false,"footnotes":""},"class_list":["post-2127","page","type-page","status-publish","hentry","entry"],"acf":[],"_links":{"self":[{"href":"https:\/\/redport.ro\/ro\/wp-json\/wp\/v2\/pages\/2127","targetHints":{"allow":["GET"]}}],"collection":[{"href":"https:\/\/redport.ro\/ro\/wp-json\/wp\/v2\/pages"}],"about":[{"href":"https:\/\/redport.ro\/ro\/wp-json\/wp\/v2\/types\/page"}],"author":[{"embeddable":true,"href":"https:\/\/redport.ro\/ro\/wp-json\/wp\/v2\/users\/1"}],"replies":[{"embeddable":true,"href":"https:\/\/redport.ro\/ro\/wp-json\/wp\/v2\/comments?post=2127"}],"version-history":[{"count":2,"href":"https:\/\/redport.ro\/ro\/wp-json\/wp\/v2\/pages\/2127\/revisions"}],"predecessor-version":[{"id":2888,"href":"https:\/\/redport.ro\/ro\/wp-json\/wp\/v2\/pages\/2127\/revisions\/2888"}],"wp:attachment":[{"href":"https:\/\/redport.ro\/ro\/wp-json\/wp\/v2\/media?parent=2127"}],"curies":[{"name":"wp","href":"https:\/\/api.w.org\/{rel}","templated":true}]}}