{"id":2131,"date":"2026-01-21T18:01:22","date_gmt":"2026-01-21T16:01:22","guid":{"rendered":"https:\/\/redport.ro\/?page_id=2131"},"modified":"2026-01-30T16:58:49","modified_gmt":"2026-01-30T14:58:49","slug":"termeni-si-conditii","status":"publish","type":"page","link":"https:\/\/redport.ro\/ro\/termeni-si-conditii\/","title":{"rendered":"Termeni \u0219i condi\u021bii"},"content":{"rendered":"\n<p>Prezentul document (\u00eempreun\u0103 cu toate documentele men\u0163ionate \u00een acesta) stabile\u015fte termenii \u015fi condi\u0163iile care guverneaz\u0103 utilizarea acestui website \u2013 <a href=\"https:\/\/redport.ro\">www.redport.ro<\/a> (\u00een continuare \u201eWebsite-ul\u201d).&nbsp;<\/p>\n\n\n\n<p>Scopul Website-ului este de prezentare, promovare \u0219i comercializare a serviciilor de excelen\u021b\u0103 din domeniile&nbsp; construc\u021biilor, investi\u021biilor, dezvolt\u0103rii \u0219i managementului de proiecte imobiliare, oferite de compania REDPORT MANAGEMENT SRL \u0219i de contractare prin intermediul Website-ului, cu poten\u021bialii Clien\u021bi\/investitori interesa\u021bi de aceste servicii.&nbsp;<\/p>\n\n\n\n<p>V\u0103 rug\u0103m s\u0103 citi\u0163i prezen\u021bii <strong><em>Termeni \u0219i Condi\u021bii<\/em><\/strong>, <strong><em>Politica de Cookies-uri<\/em><\/strong> \u015fi <strong><em>Politica de Confiden\u0163ialitate<\/em><\/strong> \u00eenainte de a utiliza Website-ul.<\/p>\n\n\n\n<p><strong>1. CINE SUNTEM NOI<\/strong><\/p>\n\n\n\n<p><strong>REDPORT MANAGEMENT SRL<\/strong> (\u00een continuare <em>\u201dSocietatea\u201d <\/em>sau <em>\u201dNoi\u201d<\/em>) este o societate cu capital privat (av\u00e2nd urm\u0103toarele date de identificare fiscal\u0103: J40\/12526\/2021, CUI RO4420250) ce de\u021bine un grup de companii specializate \u00een construc\u021bii, investi\u021bii, dezvoltare \u0219i management de proiecte imobiliare.&nbsp;<\/p>\n\n\n\n<p>REDPORT MANAGEMENT SRL se ocup\u0103 de generarea de business \u0219i dezvoltarea de proiecte reziden\u021biale, reprezent\u00e2nd unul dintre cei mai dinamici juc\u0103tori imobiliari de pe pia\u021ba din Rom\u00e2nia, oferind excelen\u021b\u0103 prin toate proiectele reziden\u021biale dezvoltate.<\/p>\n\n\n\n<p>Obiectivul principal al Societ\u0103\u021bii este de a identifica investi\u021biile poten\u021biale, de a garanta achizi\u021biile de contracte \u0219i de a oferi profituri ridicate pentru investitorii no\u0219tri.<\/p>\n\n\n\n<p><strong>Datele noastre de contact sunt:<\/strong><\/p>\n\n\n\n<p>Adresa sediu social: Bucure\u0219ti, Sector 1, str. Anton Pavlov Cehov nr. 2, parter, camera nr. 3, ap. 2.<\/p>\n\n\n\n<p>Adrese de E-mail: <a href=\"mailto:office@redport.ro\">office@redport.ro<\/a>, <a href=\"mailto:dpo@redport.ro\">dpo@redport.ro<\/a><\/p>\n\n\n\n<p>Nr. de telefon: +40.721.332.940<\/p>\n\n\n\n<p><strong>2. PROPRIETATEA INTELECTUAL\u0102&nbsp;<\/strong><\/p>\n\n\n\n<p>Societatea este titularul exclusiv al tuturor drepturilor de proprietate intelectual\u0103 referitoare la con\u021binutul Website-ului, inclusiv, f\u0103r\u0103 a se limita la: articole, text, fotografii, ilustra\u021bii, muzic\u0103, clipuri audio \u0219i video, m\u0103rci comerciale, embleme \u0219i modele.<\/p>\n\n\n\n<p>Vizitatorii Website-ului pot accesa, desc\u0103rca \u015fi tip\u0103ri materialele publicate pe Website, \u00een mod gratuit, exclusiv pentru uz personal \u015fi doar \u00een scop necomercial. Ca urmare a realiz\u0103rii oric\u0103reia dintre aceste ac\u021biuni, vizitatorilor Website-ului nu li se transmite sau recuno\u0219te nici un drept, titlu sau nu li se garanteaz\u0103 nici un interes legitim cu privire la materialele publicate pe Website.&nbsp;<\/p>\n\n\n\n<p>Nicio sec\u021biune din con\u021binutul Website-ului asupra c\u0103reia Societatea are un drept de proprietate intelectual\u0103 nu poate fi reprodus\u0103, distribuit\u0103 sau publicat\u0103 sub nici o form\u0103, \u00een nici un scop sau prin niciun mijloc, f\u0103r\u0103 acordul prealabil scris al REDPORT MANAGEMENT SRL.&nbsp;<\/p>\n\n\n\n<p>Prin urmare, vizitatorii Website-ului declar\u0103 c\u0103, prin simpla utilizare a Website-ului \u00een\u021beleg \u0219i consimt s\u0103 nu copieze, modifice, v\u00e2nd\u0103, distribuie, transmit\u0103, afi\u0219eze, reproduc\u0103, publice sau s\u0103 nu creeze lucr\u0103ri\/opere\/derivate pe baza informa\u021biilor publicate pe Website.<\/p>\n\n\n\n<p><strong>3. TERMENI<\/strong><\/p>\n\n\n\n<ol class=\"wp-block-list\">\n<li>Societate\/V\u00e2nz\u0103tor \u2013 REDPORT MANAGEMENT SRL av\u00e2nd CUI RO4420250, J40\/12526\/2021 precum \u0219i datele de identificare descrise la pct. 1 de mai sus.<\/li>\n\n\n\n<li>Vizitator \u2013 orice persoan\u0103 fizic\u0103\/juridic\u0103 care este interesat\u0103 de serviciile de construc\u021bii, investi\u021bii, dezvoltare \u0219i management de proiecte imobiliare oferite de Societate \u0219i care are acces la con\u021binutul Site-ului.\u00a0<\/li>\n\n\n\n<li>Clien\u021bi\/investitori \u2013 orice persoan\u0103 fizic\u0103\/juridic\u0103 care are acces \u0219i este interesat\/\u0103 de serviciile de construc\u021bii, investi\u021bii, dezvoltare \u0219i management de proiecte imobiliare promovate de REDPORT MANAGEMENT SRL prin intermediul site-ului sau prin orice mijloc de comunicare pus la dispozi\u021bie de c\u0103tre Societate (electronic, telefonic, etc), \u00een urma contactelor directe cu reprezentan\u021bii acesteia sau complet\u0103rii formularelor de contact, etc., \u00een urma c\u0103rora s-a \u00eencheiat un contract specific \u00eentre p\u0103r\u021bi, pentru dezvoltarea de proiecte imobiliare.<\/li>\n\n\n\n<li>Proiecte imobiliare \u2013 proiectele imobiliare dezvoltate de Societate (tipul de apartamente ce vor fi construite \u00een ansamblurile reziden\u021biale, cu pred\u0103ri etapizate \u0219i investi\u021bii semnificative), oferite\/comercializate de Societate prin intermediul website-ului <a href=\"https:\/\/redport.ro\">www.redport.ro<\/a> (prezentate la sec\u021biunea <em>\u201dProiecte\u201d<\/em>).\u00a0\u00a0<\/li>\n\n\n\n<li>Site \u2013 magazinul de prezentare on-line g\u0103zduit la adresa web <a href=\"https:\/\/redport.ro\">www.redport.ro<\/a>;\u00a0\u00a0\u00a0\u00a0\u00a0<\/li>\n\n\n\n<li>Comunic\u0103ri comerciale \/ Newsletter \u2013 reprezint\u0103 orice tip de mesaj trimis (e-mail, telefonic, mobile push, web push, etc.) care con\u021bine informa\u021bii generale \u0219i tematice, sau informa\u021bii cu privire la proiectele imobiliare dezvoltate de Societate, etc.4. <strong>UTILIZAREA WEBSITE-ULUI\u00a0<\/strong><\/li>\n<\/ol>\n\n\n\n<p>Prin utilizarea Website-ului v\u0103 obliga\u0163i:&nbsp;<\/p>\n\n\n\n<ol class=\"wp-block-list\">\n<li>S\u0103 nu efectua\u0163i vreo solicitare fals\u0103 sau frauduloas\u0103. \u00cen cazul \u00een care avem motive \u00eentemeiate s\u0103 credem c\u0103 a\u0163i efectuat o astfel de solicitare, avem dreptul s\u0103 nu r\u0103spundem acesteia \u015fi s\u0103 inform\u0103m \u00een mod corespunz\u0103tor autorit\u0103\u0163ile competente.\u00a0<\/li>\n\n\n\n<li>S\u0103 ne furniza\u0163i nume \u0219i prenume, o adres\u0103 de E-mail \u015fi\/sau alte date de contact corecte \u015fi exacte. Dac\u0103 nu ne furniza\u0163i toate informa\u0163iile de care avem nevoie, este posibil s\u0103 nu putem s\u0103 r\u0103spundem solicit\u0103rii Dvs.\u00a0<\/li>\n<\/ol>\n\n\n\n<p>Prin utilizarea Website-ului \u00een orice mod \u0219i scop, declara\u021bi c\u0103 \u00eendeplini\u021bi condi\u021biile prev\u0103zute de lege, respectiv c\u0103 ave\u021bi capacitate de exerci\u021biu pentru \u00eencheierea de acte juridice care nasc \u00een sarcina dvs. obliga\u021biile prev\u0103zute \u00een <strong><em>Termeni \u0219i Condi\u021bii<\/em><\/strong>, <strong><em>Politica de Confiden\u021bialitate<\/em><\/strong> \u0219i <strong><em>Politica de Cookies-uri<\/em><\/strong><strong>.<\/strong>&nbsp;<\/p>\n\n\n\n<p>Simpla utilizare a Website-ului \u0219i\/sau transmiterea unei solicit\u0103ri prin formularele de contact, de solicitare ofert\u0103, etc. \u0219i r\u0103spunsul la aceste solicit\u0103ri nu oblig\u0103 Societatea \u00een nici un fel fa\u021b\u0103 de vizitator\/poten\u021bialul Client\/investitor, respectiv nu reprezint\u0103 \u00eencheierea unui contract \u00eentre Societate \u0219i vizitator\/poten\u021bialul Client\/investitor.&nbsp;<\/p>\n\n\n\n<p>Prin intermediul Website-ului, Societatea invit\u0103 vizitatorul Website-ului, respectiv poten\u021bialul Client\/investitor la contractarea \/ participarea la proiectele imobiliare dezvoltate de aceasta.&nbsp;<\/p>\n\n\n\n<p>Suplimentar, prin intermediul Website-ului, Societatea angajeaz\u0103 personal calificat \u00een acest domeniu, la nivelul REDPORT MANAGEMENT SRL.&nbsp;&nbsp;&nbsp;<\/p>\n\n\n\n<ul class=\"wp-block-list\">\n<li>Prin accesarea sec\u021biunilor <em>\u201dAcas\u0103\u201d <\/em>\u0219i<em> \u201dDespre noi\u201d<\/em> v\u0103 sunt prezentate informa\u021bii de interes despre organizarea companiei REDPORT MANAGEMENT SRL, domeniile de expertiz\u0103 \u00een care exceleaz\u0103 compania \u0219i serviciile profesionale derulate \u0219i dezvoltate \u00een 6 arii specifice, caracterizate de conceptul de proiecte \u201ela cheie\u201d.\u00a0<\/li>\n\n\n\n<li>Prin accesarea sec\u021biunii <em>\u201dProiecte\u201d<\/em> v\u0103 sunt prezentate informa\u021bii de interes despre proiectele imobiliare finalizate, aflate \u00een curs sau \u00een dezvoltare (inclusiv despre calendarul de livr\u0103ri \u0219i lans\u0103ri pentru trei proiecte majore: The Level Apartments, Vitality Est \u0219i Infinity Nord), promovate de compania REDPORT MANAGEMENT SRL.<\/li>\n\n\n\n<li>Acces\u00e2nd\u00a0 sec\u021biunea <em>\u201dEchipa\u201d<\/em> \u2013 v\u0103 sunt prezenta\u021bi membrii echipei de management din cadrul companiei REDPORT MANAGEMENT SRL, echip\u0103 cu o vast\u0103 experien\u021b\u0103, viziune \u00eendr\u0103znea\u021b\u0103 \u0219i cuno\u0219tin\u021be solide. Poten\u021bialele persoane interesate pot trimite un CV \u00een acest sens pe adresa de E-mail a companiei.<\/li>\n\n\n\n<li>Prin accesarea sec\u021biunii <em>\u201dMedia\u201d<\/em> &#8211; pute\u021bi g\u0103si informa\u021bii despre apari\u021biile \u00een pres\u0103 ale reprezentan\u021bilor companiei noastre, \u00een contextul prezent\u0103rii proiectelor imobiliare dezvoltate.<\/li>\n<\/ul>\n\n\n\n<p>Vizitatorul, respectiv poten\u021bialul Client\/investitor va contacta Societatea (complet\u00e2nd <em>Formularul de Contact, etc., <\/em>ori utiliz\u00e2nd oricare din datele de contact publicate pe Website \u0219i prev\u0103zute la pct. 1 din prezen\u021bii <strong><em>Termeni \u0219i Condi\u021bii<\/em><\/strong>) \u00een scopul negocierilor \u0219i \u00eencheierii unui contract de prest\u0103ri servicii \u00een domeniul imobiliar, \u00een acest sens.&nbsp;<\/p>\n\n\n\n<p>\u00cen respectivul contract vor fi stabilite toate elementele esen\u021biale \u00eencheierii acestuia conform legii, dar \u0219i cele specifice, spre exemplu: obliga\u021biile \u0219i drepturile P\u0103r\u021bilor, pre\u021bul ofertelor\/serviciilor contractate, garan\u021bii, r\u0103spundere, etc.&nbsp;<\/p>\n\n\n\n<p><strong>5. LIMITAREA R\u0102SPUNDERII&nbsp;<\/strong><\/p>\n\n\n\n<p>Societatea nu \u00ee\u0219i asum\u0103 r\u0103spunderea pentru nici un fel de daune pe care Vizitatorul Website-ului, poten\u021bialul Client\/Investitor sau oricare alt ter\u021b le poate suferi ca urmare a utiliz\u0103rii Website-ului \u00een orice mod sau scop sau ca rezultat al \u00eendeplinirii conforme de c\u0103tre Societate a oric\u0103reia din obliga\u021biile legale \u0219i\/sau contractuale care \u00eei revin.&nbsp;<\/p>\n\n\n\n<p>Vizitatorul va utiliza serviciile oferite prin intermediul Website-ului \u00een totalitate pe propria r\u0103spundere. Acesta este r\u0103spunz\u0103tor pentru p\u0103strarea confiden\u021bialit\u0103\u021bii asupra informa\u021biilor transferate\/primite prin intermediul Website-ului \u0219i pentru prelucrarea acestora \u00een conformitate cu dispozi\u021biile legale \u00een materia protec\u021biei datelor cu caracter personal.&nbsp;<\/p>\n\n\n\n<p><strong>6. DREPTUL NOSTRU DE A MODIFICA TERMENII \u0218I CONDI\u021aIILE&nbsp;<\/strong><\/p>\n\n\n\n<p>Avem dreptul de a revizui \u015fi modifica <strong><em>Termenii \u0219i Condi\u021biile<\/em><\/strong> \u00een mod ocazional \u0219i discre\u021bionar.&nbsp;<\/p>\n\n\n\n<p>Ave\u0163i responsabilitatea de a citi \u00een \u00eentregime <strong><em>Termenii \u0219i Condi\u021biile<\/em><\/strong>, <strong><em>Politica de Cookies-uri<\/em><\/strong> \u015fi <strong><em>Politica de Confiden\u0163ialitate<\/em><\/strong>, \u00eentruc\u00e2t aplicabil\u0103 va fi varianta actualizat\u0103 a acestora, \u00een vigoare la momentul utiliz\u0103rii Website-ului.<\/p>\n\n\n\n<p><strong>7. LEGISLA\u0162IA APLICABIL\u0102 \u015eI JURISDIC\u0162IA&nbsp;<\/strong><\/p>\n\n\n\n<p>Utilizarea Website-ului \u015fi \u00eencheierea, executarea \u0219i \u00eencetarea contractelor \u00eencheiate cu Societate&nbsp; prin intermediul Website-ului vor fi guvernate de legisla\u0163ia rom\u00e2n\u0103.&nbsp;<\/p>\n\n\n\n<p>Eventualele litigii care decurg din sau \u00een leg\u0103tur\u0103 cu folosirea Website-ului sau cu \u00eencheierea, executarea \u0219i \u00eencetarea acestor contracte se vor solu\u021biona pe cale amiabil\u0103 sau, \u00een cazul \u00een care aceasta nu va fi posibil\u0103, litigiile vor fi solu\u021bionate de instan\u021bele judec\u0103tore\u0219ti rom\u00e2ne competente.<\/p>\n\n\n\n<p><strong>8. PRELUCRAREA DATELOR CU CARACTER PERSONAL<\/strong><\/p>\n\n\n\n<p>Prelucrarea datelor cu caracter personal de c\u0103tre Societate are loc cu respectarea Regulamentului (UE) 2016\/679 al Parlamentului European \u0219i al Consiliului din 27 aprilie 2016 privind protec\u021bia persoanelor fizice \u00een ceea ce prive\u0219te prelucrarea datelor cu caracter personal \u0219i privind libera circula\u021bie a acestor date, \u0219i de abrogare a Directivei nr. 95\/46\/CE (,,Regulamentul general privind protec\u021bia datelor\u201d) \u0219i a legisla\u021biei na\u021bionale relevante \u00een materia protec\u021biei datelor cu caracter personal.<\/p>\n\n\n\n<p>Pentru a cunoa\u0219te mai mult detalii legate de prelucrarea datelor cu caracter personal, v\u0103 rug\u0103m s\u0103 consulta\u021bi <strong><em>Politica de Confiden\u021bialitate<\/em><\/strong> \u0219i <strong><em>Politica de Cookies-uri<\/em><\/strong><strong>.<\/strong><\/p>\n\n\n\n<p>De asemenea, pentru orice \u00eentreb\u0103ri sau solicit\u0103ri privind protec\u021bia datelor cu caracter personal v\u0103 rug\u0103m s\u0103 ne contacta\u021bi prin intermediul unei cereri scrise, transmise fie la sediul Societ\u0103\u021bii&nbsp; (Bucure\u0219ti, Sector 1, str. Anton Pavlov Cehov nr. 2, parter, camera nr. 3, ap. 2, Rom\u00e2nia) fie electronic la adresa de E-mail a Responsabilului cu protec\u021bia datelor cu caracter personal: <a href=\"mailto:dpo@redport.ro\">dpo@redport.ro<\/a> sau la num\u0103rul de telefon:&nbsp;0745.508.673, persoan\u0103 de contact Ionel Orza. Serviciile de Responsabil pentru Protec\u021bia Datelor (<a href=\"https:\/\/gdprcomplet.ro\/dpo-externalizat-institutii-publice-companii\/\" target=\"_blank\" rel=\"noopener\">DPO<\/a>) sunt externalizate \u0219i oferite de&nbsp;<a href=\"https:\/\/gdprcomplet.ro\/\" target=\"_blank\" rel=\"noopener\">GDPRComplet<\/a>.<\/p>\n","protected":false},"excerpt":{"rendered":"<p>Prezentul document (\u00eempreun\u0103 cu toate documentele men\u0163ionate \u00een acesta) stabile\u015fte termenii \u015fi condi\u0163iile care guverneaz\u0103 utilizarea acestui website \u2013 www.redport.ro (\u00een continuare \u201eWebsite-ul\u201d).&nbsp; Scopul Website-ului este de prezentare, promovare \u0219i comercializare a serviciilor de excelen\u021b\u0103 din domeniile&nbsp; construc\u021biilor, investi\u021biilor, dezvolt\u0103rii \u0219i managementului de proiecte imobiliare, oferite de compania REDPORT MANAGEMENT SRL \u0219i de contractare prin&hellip; <a class=\"more-link\" href=\"https:\/\/redport.ro\/ro\/termeni-si-conditii\/\">Continu\u0103 lectura <span class=\"screen-reader-text\">Termeni \u0219i condi\u021bii<\/span><\/a><\/p>\n","protected":false},"author":1,"featured_media":0,"parent":0,"menu_order":0,"comment_status":"closed","ping_status":"closed","template":"","meta":{"_acf_changed":false,"footnotes":""},"class_list":["post-2131","page","type-page","status-publish","hentry","entry"],"acf":[],"_links":{"self":[{"href":"https:\/\/redport.ro\/ro\/wp-json\/wp\/v2\/pages\/2131","targetHints":{"allow":["GET"]}}],"collection":[{"href":"https:\/\/redport.ro\/ro\/wp-json\/wp\/v2\/pages"}],"about":[{"href":"https:\/\/redport.ro\/ro\/wp-json\/wp\/v2\/types\/page"}],"author":[{"embeddable":true,"href":"https:\/\/redport.ro\/ro\/wp-json\/wp\/v2\/users\/1"}],"replies":[{"embeddable":true,"href":"https:\/\/redport.ro\/ro\/wp-json\/wp\/v2\/comments?post=2131"}],"version-history":[{"count":1,"href":"https:\/\/redport.ro\/ro\/wp-json\/wp\/v2\/pages\/2131\/revisions"}],"predecessor-version":[{"id":2132,"href":"https:\/\/redport.ro\/ro\/wp-json\/wp\/v2\/pages\/2131\/revisions\/2132"}],"wp:attachment":[{"href":"https:\/\/redport.ro\/ro\/wp-json\/wp\/v2\/media?parent=2131"}],"curies":[{"name":"wp","href":"https:\/\/api.w.org\/{rel}","templated":true}]}}